{"id":116,"date":"2024-01-19T00:16:17","date_gmt":"2024-01-18T23:16:17","guid":{"rendered":"http:\/\/localhost\/WORDPRESS%20Romain%20\/?page_id=116"},"modified":"2024-01-19T00:16:17","modified_gmt":"2024-01-18T23:16:17","slug":"a-propos-fr","status":"publish","type":"page","link":"https:\/\/romainbuffetrille.ch\/en\/a-propos-fr\/","title":{"rendered":"About"},"content":{"rendered":"<div class=\"wp-block-columns is-layout-flex wp-container-core-columns-is-layout-9d6595d7 wp-block-columns-is-layout-flex\">\n<div class=\"wp-block-column is-layout-flow wp-block-column-is-layout-flow\" style=\"flex-basis:66.66%\">\n<p>Romain Buffetrille (1999) is a painter and sculptor from Avenches who lives and works between Fribourg and Neuch\u00e2tel. After obtaining his CFC in librarianship, he studied at ERACOM and completed his maturit\u00e9 at EIKON in Fribourg.<\/p>\n\n\n\n<p>Par la suite, il se forme \u00e0 l\u2019Acad\u00e9mie De Meuron \u00e0 Neuch\u00e2tel. Romain organise notamment son langage artistique autour de la repr\u00e9sentation du corps comme symbole dans ce qu\u2019il peut avoir de transcendant et d&rsquo;ineffable au travers de ses instants d&rsquo;ascendance et de chute. En cr\u00e9ant ses espaces picturaux, il souhaite jouer sur l&rsquo;intangibilit\u00e9 mais aussi sur la difficult\u00e9 qu&rsquo;est l&rsquo;encrage au \u00ab\u00a0R\u00e9el\u00a0\u00bb et les formes de celui-ci.<\/p>\n\n\n\n<p>His compositions are linked to his theoretical research into the various forms of the sacred in the world, and the way in which it has been diverted and transposed into the most everyday forms of life.<\/p>\n<\/div>\n\n\n\n<div class=\"wp-block-column is-layout-flow wp-block-column-is-layout-flow\" style=\"flex-basis:33.33%\">\n<figure class=\"wp-block-image size-large is-resized\"><img decoding=\"async\" src=\"http:\/\/localhost\/WORDPRESS%20Romain%20\/wp-content\/uploads\/2024\/01\/Ego-trip-huile-sur-catelle-33-x-33--1022x1024.jpg\" alt=\"\" class=\"wp-image-69\" style=\"width:270px;height:auto\"\/><\/figure>\n<\/div>\n<\/div>","protected":false},"excerpt":{"rendered":"<p>Romain Buffetrille (1999) est un artiste peintre et sculpteur originaire d\u2019Avenches vivant et travaillant entre Fribourg et Neuch\u00e2tel. Apr\u00e8s son CFC de biblioth\u00e9caire, il passe au travers de l&rsquo;ERACOM et fait sa maturit\u00e9 \u00e0 l&rsquo;EIKON \u00e0 Fribourg. Par la suite, il se forme \u00e0 l\u2019Acad\u00e9mie De Meuron \u00e0 Neuch\u00e2tel. Romain organise notamment son langage artistique [&hellip;]<\/p>","protected":false},"author":1,"featured_media":0,"parent":0,"menu_order":0,"comment_status":"closed","ping_status":"closed","template":"","meta":{"_acf_changed":false,"_monsterinsights_skip_tracking":false,"_monsterinsights_sitenote_active":false,"_monsterinsights_sitenote_note":"","_monsterinsights_sitenote_category":0,"footnotes":""},"class_list":["post-116","page","type-page","status-publish","hentry"],"acf":[],"_links":{"self":[{"href":"https:\/\/romainbuffetrille.ch\/en\/wp-json\/wp\/v2\/pages\/116","targetHints":{"allow":["GET"]}}],"collection":[{"href":"https:\/\/romainbuffetrille.ch\/en\/wp-json\/wp\/v2\/pages"}],"about":[{"href":"https:\/\/romainbuffetrille.ch\/en\/wp-json\/wp\/v2\/types\/page"}],"author":[{"embeddable":true,"href":"https:\/\/romainbuffetrille.ch\/en\/wp-json\/wp\/v2\/users\/1"}],"replies":[{"embeddable":true,"href":"https:\/\/romainbuffetrille.ch\/en\/wp-json\/wp\/v2\/comments?post=116"}],"version-history":[{"count":0,"href":"https:\/\/romainbuffetrille.ch\/en\/wp-json\/wp\/v2\/pages\/116\/revisions"}],"wp:attachment":[{"href":"https:\/\/romainbuffetrille.ch\/en\/wp-json\/wp\/v2\/media?parent=116"}],"curies":[{"name":"wp","href":"https:\/\/api.w.org\/{rel}","templated":true}]}}